{"id":459,"date":"2024-03-05T19:52:30","date_gmt":"2024-03-05T18:52:30","guid":{"rendered":"https:\/\/cormac-ind.com\/?page_id=459"},"modified":"2024-03-05T20:07:41","modified_gmt":"2024-03-05T19:07:41","slug":"tapa-finales","status":"publish","type":"page","link":"https:\/\/cormac-ind.com\/en\/tapa-finales\/","title":{"rendered":"TAPA FINALES"},"content":{"rendered":"<div data-elementor-type=\"wp-page\" data-elementor-id=\"459\" class=\"elementor elementor-459\" data-elementor-post-type=\"page\">\n\t\t\t\t<div class=\"elementor-element elementor-element-3cb46b5 e-flex e-con-boxed e-con e-parent\" data-id=\"3cb46b5\" data-element_type=\"container\" data-e-type=\"container\">\n\t\t\t\t\t<div class=\"e-con-inner\">\n\t\t\t\t<div class=\"elementor-element elementor-element-3c05719 elementor-widget elementor-widget-spacer\" data-id=\"3c05719\" data-element_type=\"widget\" data-e-type=\"widget\" data-widget_type=\"spacer.default\">\n\t\t\t\t<div class=\"elementor-widget-container\">\n\t\t\t\t\t\t\t<div class=\"elementor-spacer\">\n\t\t\t<div class=\"elementor-spacer-inner\"><\/div>\n\t\t<\/div>\n\t\t\t\t\t\t<\/div>\n\t\t\t\t<\/div>\n\t\t\t\t\t<\/div>\n\t\t\t\t<\/div>\n\t\t<div class=\"elementor-element elementor-element-36e5e13 e-flex e-con-boxed e-con e-parent\" data-id=\"36e5e13\" data-element_type=\"container\" data-e-type=\"container\">\n\t\t\t\t\t<div class=\"e-con-inner\">\n\t\t<div class=\"elementor-element elementor-element-58b1f42 e-con-full e-flex e-con e-child\" data-id=\"58b1f42\" data-element_type=\"container\" data-e-type=\"container\">\n\t\t\t\t<div class=\"elementor-element elementor-element-cace494 elementor-widget elementor-widget-image\" data-id=\"cace494\" data-element_type=\"widget\" data-e-type=\"widget\" data-widget_type=\"image.default\">\n\t\t\t\t<div class=\"elementor-widget-container\">\n\t\t\t\t\t\t\t\t\t\t\t\t\t\t\t<img fetchpriority=\"high\" decoding=\"async\" width=\"964\" height=\"1024\" src=\"https:\/\/cormac-ind.com\/wp-content\/uploads\/2024\/03\/tapas-rieles-964x1024.webp\" class=\"attachment-large size-large wp-image-423\" alt=\"\" srcset=\"https:\/\/cormac-ind.com\/wp-content\/uploads\/2024\/03\/tapas-rieles-964x1024.webp 964w, https:\/\/cormac-ind.com\/wp-content\/uploads\/2024\/03\/tapas-rieles-283x300.webp 283w, https:\/\/cormac-ind.com\/wp-content\/uploads\/2024\/03\/tapas-rieles-768x815.webp 768w, https:\/\/cormac-ind.com\/wp-content\/uploads\/2024\/03\/tapas-rieles-1447x1536.webp 1447w, https:\/\/cormac-ind.com\/wp-content\/uploads\/2024\/03\/tapas-rieles-e1709658731608.webp 300w\" sizes=\"(max-width: 964px) 100vw, 964px\" \/>\t\t\t\t\t\t\t\t\t\t\t\t\t\t\t<\/div>\n\t\t\t\t<\/div>\n\t\t\t\t<\/div>\n\t\t<div class=\"elementor-element elementor-element-ec1c32f e-con-full e-flex e-con e-child\" data-id=\"ec1c32f\" data-element_type=\"container\" data-e-type=\"container\">\n\t\t\t\t<div class=\"elementor-element elementor-element-7a377ab elementor-widget elementor-widget-text-editor\" data-id=\"7a377ab\" data-element_type=\"widget\" data-e-type=\"widget\" data-widget_type=\"text-editor.default\">\n\t\t\t\t<div class=\"elementor-widget-container\">\n\t\t\t\t\t\t\t\t\t<h3><strong><span style=\"color: #000000;\">END CAPS<\/span><\/strong><\/h3><p>Las tapas finales son especialmente dise\u00f1adas con una doble protecci\u00f3n para brindar una absorci\u00f3n excepcional de los impactos ocasionados por los Trolleys. Esta medida se implementa con un \u00fanico prop\u00f3sito, garantizar la seguridad de tu equipo. Adem\u00e1s, estas tapas est\u00e1n fabricadas con hule de alta resistencia, lo que permite que la operaci\u00f3n sea suave y, al mismo tiempo, incre\u00edblemente segura.<\/p>\t\t\t\t\t\t\t\t<\/div>\n\t\t\t\t<\/div>\n\t\t\t\t<\/div>\n\t\t\t\t\t<\/div>\n\t\t\t\t<\/div>\n\t\t<div class=\"elementor-element elementor-element-37777e0 e-flex e-con-boxed e-con e-parent\" data-id=\"37777e0\" data-element_type=\"container\" data-e-type=\"container\">\n\t\t\t\t\t<div class=\"e-con-inner\">\n\t\t<div class=\"elementor-element elementor-element-4693a12 e-con-full e-flex e-con e-child\" data-id=\"4693a12\" data-element_type=\"container\" data-e-type=\"container\">\n\t\t\t\t<div class=\"elementor-element elementor-element-54ac9c5 elementor-position-top elementor-widget elementor-widget-image-box\" data-id=\"54ac9c5\" data-element_type=\"widget\" data-e-type=\"widget\" data-widget_type=\"image-box.default\">\n\t\t\t\t<div class=\"elementor-widget-container\">\n\t\t\t\t\t<div class=\"elementor-image-box-wrapper\"><figure class=\"elementor-image-box-img\"><img decoding=\"async\" width=\"150\" height=\"150\" src=\"https:\/\/cormac-ind.com\/wp-content\/uploads\/2024\/03\/tapa-final-90-150x150.webp\" class=\"attachment-thumbnail size-thumbnail wp-image-465\" alt=\"\" \/><\/figure><div class=\"elementor-image-box-content\"><h3 class=\"elementor-image-box-title\">TAPA FINAL R-090<\/h3><\/div><\/div>\t\t\t\t<\/div>\n\t\t\t\t<\/div>\n\t\t\t\t<\/div>\n\t\t<div class=\"elementor-element elementor-element-d6fd074 e-con-full e-flex e-con e-child\" data-id=\"d6fd074\" data-element_type=\"container\" data-e-type=\"container\">\n\t\t\t\t<div class=\"elementor-element elementor-element-57ce6e4 elementor-position-top elementor-widget elementor-widget-image-box\" data-id=\"57ce6e4\" data-element_type=\"widget\" data-e-type=\"widget\" data-widget_type=\"image-box.default\">\n\t\t\t\t<div class=\"elementor-widget-container\">\n\t\t\t\t\t<div class=\"elementor-image-box-wrapper\"><figure class=\"elementor-image-box-img\"><img decoding=\"async\" width=\"283\" height=\"300\" src=\"https:\/\/cormac-ind.com\/wp-content\/uploads\/2024\/03\/tapas-rieles-283x300.webp\" class=\"attachment-medium size-medium wp-image-423\" alt=\"\" \/><\/figure><div class=\"elementor-image-box-content\"><h3 class=\"elementor-image-box-title\">TAPA FINAL R-140<\/h3><\/div><\/div>\t\t\t\t<\/div>\n\t\t\t\t<\/div>\n\t\t\t\t<\/div>\n\t\t<div class=\"elementor-element elementor-element-e795d4c e-con-full e-flex e-con e-child\" data-id=\"e795d4c\" data-element_type=\"container\" data-e-type=\"container\">\n\t\t\t\t<div class=\"elementor-element elementor-element-50ae366 elementor-position-top elementor-widget elementor-widget-image-box\" data-id=\"50ae366\" data-element_type=\"widget\" data-e-type=\"widget\" data-widget_type=\"image-box.default\">\n\t\t\t\t<div class=\"elementor-widget-container\">\n\t\t\t\t\t<div class=\"elementor-image-box-wrapper\"><figure class=\"elementor-image-box-img\"><img decoding=\"async\" width=\"283\" height=\"300\" src=\"https:\/\/cormac-ind.com\/wp-content\/uploads\/2024\/03\/tapas-rieles-283x300.webp\" class=\"attachment-medium size-medium wp-image-423\" alt=\"\" \/><\/figure><div class=\"elementor-image-box-content\"><h3 class=\"elementor-image-box-title\">TAPA FINAL R-180<\/h3><\/div><\/div>\t\t\t\t<\/div>\n\t\t\t\t<\/div>\n\t\t\t\t<\/div>\n\t\t\t\t\t<\/div>\n\t\t\t\t<\/div>\n\t\t\t\t<\/div>","protected":false},"excerpt":{"rendered":"<p>TAPAS FINALES Las tapas finales son especialmente dise\u00f1adas con una doble protecci\u00f3n para brindar una absorci\u00f3n excepcional de los impactos [&hellip;]<\/p>\n","protected":false},"author":1,"featured_media":0,"parent":0,"menu_order":0,"comment_status":"closed","ping_status":"closed","template":"","meta":{"site-sidebar-layout":"no-sidebar","site-content-layout":"","ast-site-content-layout":"full-width-container","site-content-style":"default","site-sidebar-style":"default","ast-global-header-display":"","ast-banner-title-visibility":"","ast-main-header-display":"","ast-hfb-above-header-display":"","ast-hfb-below-header-display":"","ast-hfb-mobile-header-display":"","site-post-title":"disabled","ast-breadcrumbs-content":"","ast-featured-img":"disabled","footer-sml-layout":"","ast-disable-related-posts":"","theme-transparent-header-meta":"","adv-header-id-meta":"","stick-header-meta":"","header-above-stick-meta":"","header-main-stick-meta":"","header-below-stick-meta":"","astra-migrate-meta-layouts":"default","ast-page-background-enabled":"default","ast-page-background-meta":{"desktop":{"background-color":"var(--ast-global-color-4)","background-image":"","background-repeat":"repeat","background-position":"center center","background-size":"auto","background-attachment":"scroll","background-type":"","background-media":"","overlay-type":"","overlay-color":"","overlay-opacity":"","overlay-gradient":""},"tablet":{"background-color":"","background-image":"","background-repeat":"repeat","background-position":"center center","background-size":"auto","background-attachment":"scroll","background-type":"","background-media":"","overlay-type":"","overlay-color":"","overlay-opacity":"","overlay-gradient":""},"mobile":{"background-color":"","background-image":"","background-repeat":"repeat","background-position":"center center","background-size":"auto","background-attachment":"scroll","background-type":"","background-media":"","overlay-type":"","overlay-color":"","overlay-opacity":"","overlay-gradient":""}},"ast-content-background-meta":{"desktop":{"background-color":"var(--ast-global-color-5)","background-image":"","background-repeat":"repeat","background-position":"center center","background-size":"auto","background-attachment":"scroll","background-type":"","background-media":"","overlay-type":"","overlay-color":"","overlay-opacity":"","overlay-gradient":""},"tablet":{"background-color":"var(--ast-global-color-5)","background-image":"","background-repeat":"repeat","background-position":"center center","background-size":"auto","background-attachment":"scroll","background-type":"","background-media":"","overlay-type":"","overlay-color":"","overlay-opacity":"","overlay-gradient":""},"mobile":{"background-color":"var(--ast-global-color-5)","background-image":"","background-repeat":"repeat","background-position":"center center","background-size":"auto","background-attachment":"scroll","background-type":"","background-media":"","overlay-type":"","overlay-color":"","overlay-opacity":"","overlay-gradient":""}},"footnotes":""},"class_list":["post-459","page","type-page","status-publish","hentry"],"_links":{"self":[{"href":"https:\/\/cormac-ind.com\/en\/wp-json\/wp\/v2\/pages\/459","targetHints":{"allow":["GET"]}}],"collection":[{"href":"https:\/\/cormac-ind.com\/en\/wp-json\/wp\/v2\/pages"}],"about":[{"href":"https:\/\/cormac-ind.com\/en\/wp-json\/wp\/v2\/types\/page"}],"author":[{"embeddable":true,"href":"https:\/\/cormac-ind.com\/en\/wp-json\/wp\/v2\/users\/1"}],"replies":[{"embeddable":true,"href":"https:\/\/cormac-ind.com\/en\/wp-json\/wp\/v2\/comments?post=459"}],"version-history":[{"count":4,"href":"https:\/\/cormac-ind.com\/en\/wp-json\/wp\/v2\/pages\/459\/revisions"}],"predecessor-version":[{"id":468,"href":"https:\/\/cormac-ind.com\/en\/wp-json\/wp\/v2\/pages\/459\/revisions\/468"}],"wp:attachment":[{"href":"https:\/\/cormac-ind.com\/en\/wp-json\/wp\/v2\/media?parent=459"}],"curies":[{"name":"wp","href":"https:\/\/api.w.org\/{rel}","templated":true}]}}