{"id":1953,"date":"2024-05-07T10:47:41","date_gmt":"2024-05-07T16:47:41","guid":{"rendered":"https:\/\/cormac-ind.com\/?page_id=1953"},"modified":"2024-05-07T10:50:47","modified_gmt":"2024-05-07T16:50:47","slug":"perfil-bajo-s","status":"publish","type":"page","link":"https:\/\/cormac-ind.com\/en\/perfil-bajo-s\/","title":{"rendered":"PERFIL BAJO &#8211; S"},"content":{"rendered":"<div data-elementor-type=\"wp-page\" data-elementor-id=\"1953\" class=\"elementor elementor-1953\" data-elementor-post-type=\"page\">\n\t\t\t\t<div class=\"elementor-element elementor-element-f6b4fba e-flex e-con-boxed e-con e-parent\" data-id=\"f6b4fba\" data-element_type=\"container\" data-e-type=\"container\">\n\t\t\t\t\t<div class=\"e-con-inner\">\n\t\t<div class=\"elementor-element elementor-element-9379176 e-flex e-con-boxed e-con e-child\" data-id=\"9379176\" data-element_type=\"container\" data-e-type=\"container\">\n\t\t\t\t\t<div class=\"e-con-inner\">\n\t\t\t\t<div class=\"elementor-element elementor-element-4651144 elementor-widget elementor-widget-heading\" data-id=\"4651144\" data-element_type=\"widget\" data-e-type=\"widget\" data-widget_type=\"heading.default\">\n\t\t\t\t<div class=\"elementor-widget-container\">\n\t\t\t\t\t<h2 class=\"elementor-heading-title elementor-size-default\">PERFIL BAJO - S<\/h2>\t\t\t\t<\/div>\n\t\t\t\t<\/div>\n\t\t\t\t\t<\/div>\n\t\t\t\t<\/div>\n\t\t\t\t\t<\/div>\n\t\t\t\t<\/div>\n\t\t<div class=\"elementor-element elementor-element-ca3e12a e-flex e-con-boxed e-con e-parent\" data-id=\"ca3e12a\" data-element_type=\"container\" data-e-type=\"container\">\n\t\t\t\t\t<div class=\"e-con-inner\">\n\t\t<div class=\"elementor-element elementor-element-6a7fb0f e-con-full e-flex e-con e-child\" data-id=\"6a7fb0f\" data-element_type=\"container\" data-e-type=\"container\">\n\t\t\t\t<div class=\"elementor-element elementor-element-9b98fe7 elementor-widget__width-initial elementor-widget elementor-widget-image\" data-id=\"9b98fe7\" data-element_type=\"widget\" data-e-type=\"widget\" data-widget_type=\"image.default\">\n\t\t\t\t<div class=\"elementor-widget-container\">\n\t\t\t\t\t\t\t\t\t\t\t\t\t\t\t<img fetchpriority=\"high\" decoding=\"async\" width=\"300\" height=\"300\" src=\"https:\/\/cormac-ind.com\/wp-content\/uploads\/2024\/04\/Semi_Portable_Dock_Lift_300x300.webp\" class=\"attachment-medium size-medium wp-image-1691\" alt=\"\" srcset=\"https:\/\/cormac-ind.com\/wp-content\/uploads\/2024\/04\/Semi_Portable_Dock_Lift_300x300.webp 300w, https:\/\/cormac-ind.com\/wp-content\/uploads\/2024\/04\/Semi_Portable_Dock_Lift_300x300-150x150.webp 150w\" sizes=\"(max-width: 300px) 100vw, 300px\" \/>\t\t\t\t\t\t\t\t\t\t\t\t\t\t\t<\/div>\n\t\t\t\t<\/div>\n\t\t\t\t<\/div>\n\t\t<div class=\"elementor-element elementor-element-cb32287 e-con-full e-flex e-con e-child\" data-id=\"cb32287\" data-element_type=\"container\" data-e-type=\"container\">\n\t\t\t\t<div class=\"elementor-element elementor-element-4984b03 elementor-widget__width-initial elementor-widget elementor-widget-text-editor\" data-id=\"4984b03\" data-element_type=\"widget\" data-e-type=\"widget\" data-widget_type=\"text-editor.default\">\n\t\t\t\t<div class=\"elementor-widget-container\">\n\t\t\t\t\t\t\t\t\t<p>En caso de que considere costosa la construcci\u00f3n de una fosa\/cama de concreto, una soluci\u00f3n es el elevador de plataforma semiport\u00e1til serie S de LoMaster\u2122. La unidad se instala en la cara del muelle y se monta en bastidores de fijaci\u00f3n y placas de desgaste. Con su perfil extramademente bajo, la serie S de LoMaster a\u00f1ade versatilidad para operaciones de carga o descarga a nivel del suelo<\/p><p><strong>Disponible en capacidades nominales de 4,000 a 6,000 lb (1,818 a 2,727 kg)<\/strong><\/p>\t\t\t\t\t\t\t\t<\/div>\n\t\t\t\t<\/div>\n\t\t\t\t<\/div>\n\t\t\t\t\t<\/div>\n\t\t\t\t<\/div>\n\t\t<div class=\"elementor-element elementor-element-2a9dd70 e-flex e-con-boxed e-con e-parent\" data-id=\"2a9dd70\" data-element_type=\"container\" data-e-type=\"container\">\n\t\t\t\t\t<div class=\"e-con-inner\">\n\t\t\t\t<div class=\"elementor-element elementor-element-58eaf32 elementor-widget elementor-widget-text-editor\" data-id=\"58eaf32\" data-element_type=\"widget\" data-e-type=\"widget\" data-widget_type=\"text-editor.default\">\n\t\t\t\t<div class=\"elementor-widget-container\">\n\t\t\t\t\t\t\t\t\t<h3>CONSTRUCCI\u00d3N DE CALIDAD Y VERSATILIDAD EN LA CARGA<\/h3><p>La misma construcci\u00f3n de alta calidad que se halla en los modelos estacionarios se incorpora en todos los elevadores de la serie S de LoMaster\u2122. Cada cilindro elevador est\u00e1 encajado en una carcasa resistente a las condiciones clim\u00e1ticas, fabricada completamente completamente de acero. Los fusibles de velocidad de precisi\u00f3n en cada cilindro hidr\u00e1ulico eliminan la ca\u00edda libre de la plataforma. Todos los puntos giratorios cromados vienen configurados con rodamientos de bronce con lubricaci\u00f3n de por vida o cojinetes de bronce recubiertos de tefl\u00f3n. Las barras de sensores y un rayado de alta visibilidad brindan protecci\u00f3n para pies en los cuatro lados. Los pasamanos de acero resistente con chapa met\u00e1lica de defensa de 4&#8243; (107 mm) y una cadena de barrera en cada extremo brindan seguridad adicional al operador. Como est\u00e1ndar, se inlcuye un labio de 18&#8243; (457 mm) con cadena elevadora en el extremo de rodamiento.<\/p>\t\t\t\t\t\t\t\t<\/div>\n\t\t\t\t<\/div>\n\t\t\t\t\t<\/div>\n\t\t\t\t<\/div>\n\t\t<div class=\"elementor-element elementor-element-17f5266 e-flex e-con-boxed e-con e-parent\" data-id=\"17f5266\" data-element_type=\"container\" data-e-type=\"container\">\n\t\t\t\t\t<div class=\"e-con-inner\">\n\t\t<div class=\"elementor-element elementor-element-da584b6 e-con-full e-flex e-con e-child\" data-id=\"da584b6\" data-element_type=\"container\" data-e-type=\"container\">\n\t\t\t\t<div class=\"elementor-element elementor-element-cc69640 elementor-widget elementor-widget-text-editor\" data-id=\"cc69640\" data-element_type=\"widget\" data-e-type=\"widget\" data-widget_type=\"text-editor.default\">\n\t\t\t\t<div class=\"elementor-widget-container\">\n\t\t\t\t\t\t\t\t\t<h3><span class=\"GreyTitle\">ASPECTOS SOBRESALIENTES DEL PRODUCTO<\/span><\/h3><ul><li>Tope de mantenimiento mec\u00e1nico, con bisagra al chasis y abatible hacia abajo<\/li><li>Fuente de alimentaci\u00f3n remota con manguera hidr\u00e1ulica de 12&#8242; (3,658 mm)<\/li><li>Control de bot\u00f3n pulsador en cuerda recta de 12&#8242; (3,658 mm)<\/li><li>Hydraulic pump with relief overload integrated<\/li><li>Todos los componetes hidr\u00e1ulicos, incluyendo mangueras y aceite<\/li><\/ul>\t\t\t\t\t\t\t\t<\/div>\n\t\t\t\t<\/div>\n\t\t\t\t<\/div>\n\t\t<div class=\"elementor-element elementor-element-98e65f1 e-con-full e-flex e-con e-child\" data-id=\"98e65f1\" data-element_type=\"container\" data-e-type=\"container\">\n\t\t\t\t<div class=\"elementor-element elementor-element-b3d011c elementor-widget elementor-widget-accordion\" data-id=\"b3d011c\" data-element_type=\"widget\" data-e-type=\"widget\" data-widget_type=\"accordion.default\">\n\t\t\t\t<div class=\"elementor-widget-container\">\n\t\t\t\t\t\t\t<div class=\"elementor-accordion\">\n\t\t\t\t\t\t\t<div class=\"elementor-accordion-item\">\n\t\t\t\t\t<div id=\"elementor-tab-title-1881\" class=\"elementor-tab-title\" data-tab=\"1\" role=\"button\" aria-controls=\"elementor-tab-content-1881\" aria-expanded=\"false\">\n\t\t\t\t\t\t\t\t\t\t\t\t\t<span class=\"elementor-accordion-icon elementor-accordion-icon-left\" aria-hidden=\"true\">\n\t\t\t\t\t\t\t\t\t\t\t\t\t\t\t<span class=\"elementor-accordion-icon-closed\"><svg class=\"e-font-icon-svg e-far-caret-square-down\" viewbox=\"0 0 448 512\" xmlns=\"http:\/\/www.w3.org\/2000\/svg\"><path d=\"M125.1 208h197.8c10.7 0 16.1 13 8.5 20.5l-98.9 98.3c-4.7 4.7-12.2 4.7-16.9 0l-98.9-98.3c-7.7-7.5-2.3-20.5 8.4-20.5zM448 80v352c0 26.5-21.5 48-48 48H48c-26.5 0-48-21.5-48-48V80c0-26.5 21.5-48 48-48h352c26.5 0 48 21.5 48 48zm-48 346V86c0-3.3-2.7-6-6-6H54c-3.3 0-6 2.7-6 6v340c0 3.3 2.7 6 6 6h340c3.3 0 6-2.7 6-6z\"><\/path><\/svg><\/span>\n\t\t\t\t\t\t\t\t<span class=\"elementor-accordion-icon-opened\"><svg class=\"e-font-icon-svg e-far-caret-square-up\" viewbox=\"0 0 448 512\" xmlns=\"http:\/\/www.w3.org\/2000\/svg\"><path d=\"M322.9 304H125.1c-10.7 0-16.1-13-8.5-20.5l98.9-98.3c4.7-4.7 12.2-4.7 16.9 0l98.9 98.3c7.7 7.5 2.3 20.5-8.4 20.5zM448 80v352c0 26.5-21.5 48-48 48H48c-26.5 0-48-21.5-48-48V80c0-26.5 21.5-48 48-48h352c26.5 0 48 21.5 48 48zm-48 346V86c0-3.3-2.7-6-6-6H54c-3.3 0-6 2.7-6 6v340c0 3.3 2.7 6 6 6h340c3.3 0 6-2.7 6-6z\"><\/path><\/svg><\/span>\n\t\t\t\t\t\t\t\t\t\t\t\t\t\t<\/span>\n\t\t\t\t\t\t\t\t\t\t\t\t<a class=\"elementor-accordion-title\" tabindex=\"0\">RELATED DOCUMENTS<\/a>\n\t\t\t\t\t<\/div>\n\t\t\t\t\t<div id=\"elementor-tab-content-1881\" class=\"elementor-tab-content elementor-clearfix\" data-tab=\"1\" role=\"region\" aria-labelledby=\"elementor-tab-title-1881\"><\/div>\n\t\t\t\t<\/div>\n\t\t\t\t\t\t\t\t<\/div>\n\t\t\t\t\t\t<\/div>\n\t\t\t\t<\/div>\n\t\t\t\t<\/div>\n\t\t\t\t\t<\/div>\n\t\t\t\t<\/div>\n\t\t<div class=\"elementor-element elementor-element-71bc710 e-flex e-con-boxed e-con e-parent\" data-id=\"71bc710\" data-element_type=\"container\" data-e-type=\"container\">\n\t\t\t\t\t<div class=\"e-con-inner\">\n\t\t<div class=\"elementor-element elementor-element-cbab4af e-con-full e-flex e-con e-child\" data-id=\"cbab4af\" data-element_type=\"container\" data-e-type=\"container\">\n\t\t\t\t<div class=\"elementor-element elementor-element-db70d2c elementor-widget elementor-widget-text-editor\" data-id=\"db70d2c\" data-element_type=\"widget\" data-e-type=\"widget\" data-widget_type=\"text-editor.default\">\n\t\t\t\t<div class=\"elementor-widget-container\">\n\t\t\t\t\t\t\t\t\t<h3>APLICACIONES RECOMENDADAS<\/h3><ul><li>Carga y descarga a nivel del suelo<\/li><li>Condiciones del sitio donde no hay muelle de carga<\/li><\/ul>\t\t\t\t\t\t\t\t<\/div>\n\t\t\t\t<\/div>\n\t\t\t\t<\/div>\n\t\t<div class=\"elementor-element elementor-element-37f6964 e-con-full e-flex e-con e-child\" data-id=\"37f6964\" data-element_type=\"container\" data-e-type=\"container\">\n\t\t\t\t<div class=\"elementor-element elementor-element-b74a62b elementor-widget elementor-widget-text-editor\" data-id=\"b74a62b\" data-element_type=\"widget\" data-e-type=\"widget\" data-widget_type=\"text-editor.default\">\n\t\t\t\t<div class=\"elementor-widget-container\">\n\t\t\t\t\t\t\t\t\t<h3>ACTUALIZACIONES DISPONIBLES<\/h3><ul><li>Bocina de advertencia con control de volumen<\/li><li>Protecci\u00f3n para pies el\u00e9ctrica<\/li><li>Faro intermitente color \u00e1mbar<\/li><\/ul>\t\t\t\t\t\t\t\t<\/div>\n\t\t\t\t<\/div>\n\t\t\t\t<\/div>\n\t\t<div class=\"elementor-element elementor-element-88738c1 e-con-full e-flex e-con e-child\" data-id=\"88738c1\" data-element_type=\"container\" data-e-type=\"container\">\n\t\t\t\t<div class=\"elementor-element elementor-element-19182e4 elementor-widget elementor-widget-text-editor\" data-id=\"19182e4\" data-element_type=\"widget\" data-e-type=\"widget\" data-widget_type=\"text-editor.default\">\n\t\t\t\t<div class=\"elementor-widget-container\">\n\t\t\t\t\t\t\t\t\t<h3>OPCIONES DISPONIBLES<\/h3><ul><li>Diablillo port\u00e1til<\/li><li>Control de voltaje de 24 VCA<\/li><li>Interruptor de llave en bot\u00f3n pulsador<\/li><li>Labio de aluminio<\/li><\/ul>\t\t\t\t\t\t\t\t<\/div>\n\t\t\t\t<\/div>\n\t\t\t\t<\/div>\n\t\t\t\t\t<\/div>\n\t\t\t\t<\/div>\n\t\t\t\t<\/div>","protected":false},"excerpt":{"rendered":"<p>PERFIL BAJO &#8211; S En caso de que considere costosa la construcci\u00f3n de una fosa\/cama de concreto, una soluci\u00f3n es [&hellip;]<\/p>\n","protected":false},"author":1,"featured_media":0,"parent":0,"menu_order":0,"comment_status":"closed","ping_status":"closed","template":"","meta":{"site-sidebar-layout":"no-sidebar","site-content-layout":"","ast-site-content-layout":"full-width-container","site-content-style":"default","site-sidebar-style":"default","ast-global-header-display":"","ast-banner-title-visibility":"","ast-main-header-display":"","ast-hfb-above-header-display":"","ast-hfb-below-header-display":"","ast-hfb-mobile-header-display":"","site-post-title":"disabled","ast-breadcrumbs-content":"","ast-featured-img":"disabled","footer-sml-layout":"","ast-disable-related-posts":"","theme-transparent-header-meta":"","adv-header-id-meta":"","stick-header-meta":"","header-above-stick-meta":"","header-main-stick-meta":"","header-below-stick-meta":"","astra-migrate-meta-layouts":"default","ast-page-background-enabled":"default","ast-page-background-meta":{"desktop":{"background-color":"var(--ast-global-color-4)","background-image":"","background-repeat":"repeat","background-position":"center center","background-size":"auto","background-attachment":"scroll","background-type":"","background-media":"","overlay-type":"","overlay-color":"","overlay-opacity":"","overlay-gradient":""},"tablet":{"background-color":"","background-image":"","background-repeat":"repeat","background-position":"center center","background-size":"auto","background-attachment":"scroll","background-type":"","background-media":"","overlay-type":"","overlay-color":"","overlay-opacity":"","overlay-gradient":""},"mobile":{"background-color":"","background-image":"","background-repeat":"repeat","background-position":"center center","background-size":"auto","background-attachment":"scroll","background-type":"","background-media":"","overlay-type":"","overlay-color":"","overlay-opacity":"","overlay-gradient":""}},"ast-content-background-meta":{"desktop":{"background-color":"var(--ast-global-color-5)","background-image":"","background-repeat":"repeat","background-position":"center center","background-size":"auto","background-attachment":"scroll","background-type":"","background-media":"","overlay-type":"","overlay-color":"","overlay-opacity":"","overlay-gradient":""},"tablet":{"background-color":"var(--ast-global-color-5)","background-image":"","background-repeat":"repeat","background-position":"center center","background-size":"auto","background-attachment":"scroll","background-type":"","background-media":"","overlay-type":"","overlay-color":"","overlay-opacity":"","overlay-gradient":""},"mobile":{"background-color":"var(--ast-global-color-5)","background-image":"","background-repeat":"repeat","background-position":"center center","background-size":"auto","background-attachment":"scroll","background-type":"","background-media":"","overlay-type":"","overlay-color":"","overlay-opacity":"","overlay-gradient":""}},"footnotes":""},"class_list":["post-1953","page","type-page","status-publish","hentry"],"_links":{"self":[{"href":"https:\/\/cormac-ind.com\/en\/wp-json\/wp\/v2\/pages\/1953","targetHints":{"allow":["GET"]}}],"collection":[{"href":"https:\/\/cormac-ind.com\/en\/wp-json\/wp\/v2\/pages"}],"about":[{"href":"https:\/\/cormac-ind.com\/en\/wp-json\/wp\/v2\/types\/page"}],"author":[{"embeddable":true,"href":"https:\/\/cormac-ind.com\/en\/wp-json\/wp\/v2\/users\/1"}],"replies":[{"embeddable":true,"href":"https:\/\/cormac-ind.com\/en\/wp-json\/wp\/v2\/comments?post=1953"}],"version-history":[{"count":4,"href":"https:\/\/cormac-ind.com\/en\/wp-json\/wp\/v2\/pages\/1953\/revisions"}],"predecessor-version":[{"id":1957,"href":"https:\/\/cormac-ind.com\/en\/wp-json\/wp\/v2\/pages\/1953\/revisions\/1957"}],"wp:attachment":[{"href":"https:\/\/cormac-ind.com\/en\/wp-json\/wp\/v2\/media?parent=1953"}],"curies":[{"name":"wp","href":"https:\/\/api.w.org\/{rel}","templated":true}]}}