{"id":1942,"date":"2024-05-07T10:38:32","date_gmt":"2024-05-07T16:38:32","guid":{"rendered":"https:\/\/cormac-ind.com\/?page_id=1942"},"modified":"2024-05-07T12:21:38","modified_gmt":"2024-05-07T18:21:38","slug":"estacionario-dl","status":"publish","type":"page","link":"https:\/\/cormac-ind.com\/en\/estacionario-dl\/","title":{"rendered":"ESTACIONARIO &#8211; DL"},"content":{"rendered":"<div data-elementor-type=\"wp-page\" data-elementor-id=\"1942\" class=\"elementor elementor-1942\" data-elementor-post-type=\"page\">\n\t\t\t\t<div class=\"elementor-element elementor-element-8745cab e-flex e-con-boxed e-con e-parent\" data-id=\"8745cab\" data-element_type=\"container\" data-e-type=\"container\">\n\t\t\t\t\t<div class=\"e-con-inner\">\n\t\t<div class=\"elementor-element elementor-element-411e475 e-flex e-con-boxed e-con e-child\" data-id=\"411e475\" data-element_type=\"container\" data-e-type=\"container\">\n\t\t\t\t\t<div class=\"e-con-inner\">\n\t\t\t\t<div class=\"elementor-element elementor-element-25a009c elementor-widget elementor-widget-heading\" data-id=\"25a009c\" data-element_type=\"widget\" data-e-type=\"widget\" data-widget_type=\"heading.default\">\n\t\t\t\t<div class=\"elementor-widget-container\">\n\t\t\t\t\t<h2 class=\"elementor-heading-title elementor-size-default\">ESTACIONARIO  - DL<\/h2>\t\t\t\t<\/div>\n\t\t\t\t<\/div>\n\t\t\t\t\t<\/div>\n\t\t\t\t<\/div>\n\t\t\t\t\t<\/div>\n\t\t\t\t<\/div>\n\t\t<div class=\"elementor-element elementor-element-c773d9b e-flex e-con-boxed e-con e-parent\" data-id=\"c773d9b\" data-element_type=\"container\" data-e-type=\"container\">\n\t\t\t\t\t<div class=\"e-con-inner\">\n\t\t<div class=\"elementor-element elementor-element-5c6c7b4 e-con-full e-flex e-con e-child\" data-id=\"5c6c7b4\" data-element_type=\"container\" data-e-type=\"container\">\n\t\t\t\t<div class=\"elementor-element elementor-element-19bcb90 elementor-widget__width-initial elementor-widget elementor-widget-image\" data-id=\"19bcb90\" data-element_type=\"widget\" data-e-type=\"widget\" data-widget_type=\"image.default\">\n\t\t\t\t<div class=\"elementor-widget-container\">\n\t\t\t\t\t\t\t\t\t\t\t\t\t\t\t<img fetchpriority=\"high\" decoding=\"async\" width=\"300\" height=\"300\" src=\"https:\/\/cormac-ind.com\/wp-content\/uploads\/2024\/05\/nextgen_DL_highres.png\" class=\"attachment-medium size-medium wp-image-1941\" alt=\"\" srcset=\"https:\/\/cormac-ind.com\/wp-content\/uploads\/2024\/05\/nextgen_DL_highres.png 300w, https:\/\/cormac-ind.com\/wp-content\/uploads\/2024\/05\/nextgen_DL_highres-150x150.png 150w\" sizes=\"(max-width: 300px) 100vw, 300px\" \/>\t\t\t\t\t\t\t\t\t\t\t\t\t\t\t<\/div>\n\t\t\t\t<\/div>\n\t\t\t\t<\/div>\n\t\t<div class=\"elementor-element elementor-element-f996337 e-con-full e-flex e-con e-child\" data-id=\"f996337\" data-element_type=\"container\" data-e-type=\"container\">\n\t\t\t\t<div class=\"elementor-element elementor-element-fd5fec3 elementor-widget__width-initial elementor-widget elementor-widget-text-editor\" data-id=\"fd5fec3\" data-element_type=\"widget\" data-e-type=\"widget\" data-widget_type=\"text-editor.default\">\n\t\t\t\t<div class=\"elementor-widget-container\">\n\t\t\t\t\t\t\t\t\t<p>Usualmente un elevador de plataforma costar\u00e1 1\/3 del precio de un montacargas de horquillas y tendr\u00e1 un retorno r\u00e1pido y favorable al compararse con el costo a largo plazo asociado con operar un montacargas y la carga\/descarga manual de un remolque. El elevador de plataforma estacionario LoMaster\u2122\u00a0tambi\u00e9n reducir\u00e1 enormemente los costos de manipulaci\u00f3n, da\u00f1os al cargamento y lesiones de empleados que son comunes a las operaciones de transferencia verticales.<\/p><p><strong>Disponible en capacidades nominales de 5,000 a 20,000 lb (2,267 a 9,091 kg)<\/strong><\/p>\t\t\t\t\t\t\t\t<\/div>\n\t\t\t\t<\/div>\n\t\t\t\t<\/div>\n\t\t\t\t\t<\/div>\n\t\t\t\t<\/div>\n\t\t<div class=\"elementor-element elementor-element-e0ee771 e-flex e-con-boxed e-con e-parent\" data-id=\"e0ee771\" data-element_type=\"container\" data-e-type=\"container\">\n\t\t\t\t\t<div class=\"e-con-inner\">\n\t\t\t\t<div class=\"elementor-element elementor-element-1db4bbe elementor-widget elementor-widget-text-editor\" data-id=\"1db4bbe\" data-element_type=\"widget\" data-e-type=\"widget\" data-widget_type=\"text-editor.default\">\n\t\t\t\t<div class=\"elementor-widget-container\">\n\t\t\t\t\t\t\t\t\t<h3>CONSTRUCCI\u00d3N DE CALIDAD Y VERSATILIDAD EN LA CARGA<\/h3><p>El elevador de plataforma LoMaster\u2122\u00a0serie DL\u00a0ha sido dise\u00f1ado para incrementar la eficiencia y la seguridad en la\u00a0carga\/descarga de camiones y remolques. Estas unidades vers\u00e1tiles pueden montarse en una fosa o anclarse en una base de concreto, lo que requiera el sitio.<\/p><p>Una viga de plataforma de longitud completa asegura el m\u00e1ximo apoyo, y las patas de acero de placa s\u00f3lida brindan la m\u00e1xima rigidez. Los fusibles de velocidad de seguridad y de precisi\u00f3n en los cilindros hidr\u00e1ulicos limitan la ca\u00edda libre de la plataforma. Cada elevador de plataforma viene equipado con pasamanos, una chapa met\u00e1lica de defensa de 4&#8243; (102 mm) y una cadena de barrera por cada extremo.<\/p>\t\t\t\t\t\t\t\t<\/div>\n\t\t\t\t<\/div>\n\t\t\t\t\t<\/div>\n\t\t\t\t<\/div>\n\t\t<div class=\"elementor-element elementor-element-7fe41e5 e-flex e-con-boxed e-con e-parent\" data-id=\"7fe41e5\" data-element_type=\"container\" data-e-type=\"container\">\n\t\t\t\t\t<div class=\"e-con-inner\">\n\t\t<div class=\"elementor-element elementor-element-a12abee e-con-full e-flex e-con e-child\" data-id=\"a12abee\" data-element_type=\"container\" data-e-type=\"container\">\n\t\t\t\t<div class=\"elementor-element elementor-element-ee02b66 elementor-widget elementor-widget-text-editor\" data-id=\"ee02b66\" data-element_type=\"widget\" data-e-type=\"widget\" data-widget_type=\"text-editor.default\">\n\t\t\t\t<div class=\"elementor-widget-container\">\n\t\t\t\t\t\t\t\t\t<h3><span class=\"GreyTitle\">ASPECTOS SOBRESALIENTES DEL PRODUCTO<\/span><\/h3><ul><li>Las anchuras de las plataformas van de 60&#8243; a 96&#8243; (1,524 a 2,438 mm)<\/li><li>Las longitudes de las plataformas van de 96&#8243; a 144&#8243; (2,438 a 3,658 mm)<\/li><li>Fuente de alimentaci\u00f3n remota con manguera hidr\u00e1ulica de 12&#8242; (3,658 mm)<\/li><li>Control de bot\u00f3n pulsador en cuerda recta de 12&#8242; (3,658 mm)<\/li><li>Hydraulic pump with relief overload integrated<\/li><li>Todos los componentes hidr\u00e1ulicos, incluyendo mangueras y aceite<\/li><\/ul>\t\t\t\t\t\t\t\t<\/div>\n\t\t\t\t<\/div>\n\t\t\t\t<\/div>\n\t\t<div class=\"elementor-element elementor-element-07c1209 e-con-full e-flex e-con e-child\" data-id=\"07c1209\" data-element_type=\"container\" data-e-type=\"container\">\n\t\t\t\t<div class=\"elementor-element elementor-element-f132b43 elementor-widget elementor-widget-accordion\" data-id=\"f132b43\" data-element_type=\"widget\" data-e-type=\"widget\" data-widget_type=\"accordion.default\">\n\t\t\t\t<div class=\"elementor-widget-container\">\n\t\t\t\t\t\t\t<div class=\"elementor-accordion\">\n\t\t\t\t\t\t\t<div class=\"elementor-accordion-item\">\n\t\t\t\t\t<div id=\"elementor-tab-title-2521\" class=\"elementor-tab-title\" data-tab=\"1\" role=\"button\" aria-controls=\"elementor-tab-content-2521\" aria-expanded=\"false\">\n\t\t\t\t\t\t\t\t\t\t\t\t\t<span class=\"elementor-accordion-icon elementor-accordion-icon-left\" aria-hidden=\"true\">\n\t\t\t\t\t\t\t\t\t\t\t\t\t\t\t<span class=\"elementor-accordion-icon-closed\"><svg class=\"e-font-icon-svg e-far-caret-square-down\" viewbox=\"0 0 448 512\" xmlns=\"http:\/\/www.w3.org\/2000\/svg\"><path d=\"M125.1 208h197.8c10.7 0 16.1 13 8.5 20.5l-98.9 98.3c-4.7 4.7-12.2 4.7-16.9 0l-98.9-98.3c-7.7-7.5-2.3-20.5 8.4-20.5zM448 80v352c0 26.5-21.5 48-48 48H48c-26.5 0-48-21.5-48-48V80c0-26.5 21.5-48 48-48h352c26.5 0 48 21.5 48 48zm-48 346V86c0-3.3-2.7-6-6-6H54c-3.3 0-6 2.7-6 6v340c0 3.3 2.7 6 6 6h340c3.3 0 6-2.7 6-6z\"><\/path><\/svg><\/span>\n\t\t\t\t\t\t\t\t<span class=\"elementor-accordion-icon-opened\"><svg class=\"e-font-icon-svg e-far-caret-square-up\" viewbox=\"0 0 448 512\" xmlns=\"http:\/\/www.w3.org\/2000\/svg\"><path d=\"M322.9 304H125.1c-10.7 0-16.1-13-8.5-20.5l98.9-98.3c4.7-4.7 12.2-4.7 16.9 0l98.9 98.3c7.7 7.5 2.3 20.5-8.4 20.5zM448 80v352c0 26.5-21.5 48-48 48H48c-26.5 0-48-21.5-48-48V80c0-26.5 21.5-48 48-48h352c26.5 0 48 21.5 48 48zm-48 346V86c0-3.3-2.7-6-6-6H54c-3.3 0-6 2.7-6 6v340c0 3.3 2.7 6 6 6h340c3.3 0 6-2.7 6-6z\"><\/path><\/svg><\/span>\n\t\t\t\t\t\t\t\t\t\t\t\t\t\t<\/span>\n\t\t\t\t\t\t\t\t\t\t\t\t<a class=\"elementor-accordion-title\" tabindex=\"0\">RELATED DOCUMENTS<\/a>\n\t\t\t\t\t<\/div>\n\t\t\t\t\t<div id=\"elementor-tab-content-2521\" class=\"elementor-tab-content elementor-clearfix\" data-tab=\"1\" role=\"region\" aria-labelledby=\"elementor-tab-title-2521\"><ul><li><a href=\"https:\/\/cormac-ind.com\/wp-content\/uploads\/2024\/05\/Dock-Lift-Brochure.pdf\" target=\"_blank\" rel=\"noopener\">Brochure<\/a><\/li><\/ul><\/div>\n\t\t\t\t<\/div>\n\t\t\t\t\t\t\t\t<\/div>\n\t\t\t\t\t\t<\/div>\n\t\t\t\t<\/div>\n\t\t\t\t<\/div>\n\t\t\t\t\t<\/div>\n\t\t\t\t<\/div>\n\t\t<div class=\"elementor-element elementor-element-6de985f e-flex e-con-boxed e-con e-parent\" data-id=\"6de985f\" data-element_type=\"container\" data-e-type=\"container\">\n\t\t\t\t\t<div class=\"e-con-inner\">\n\t\t<div class=\"elementor-element elementor-element-961e155 e-con-full e-flex e-con e-child\" data-id=\"961e155\" data-element_type=\"container\" data-e-type=\"container\">\n\t\t\t\t<div class=\"elementor-element elementor-element-e8052ab elementor-widget elementor-widget-text-editor\" data-id=\"e8052ab\" data-element_type=\"widget\" data-e-type=\"widget\" data-widget_type=\"text-editor.default\">\n\t\t\t\t<div class=\"elementor-widget-container\">\n\t\t\t\t\t\t\t\t\t<h3>APLICACIONES RECOMENDADAS<\/h3><ul><li>Carga y descarga a nivel del suelo<\/li><li>Condiciones del sitio donde no hay muelle de carga<\/li><\/ul>\t\t\t\t\t\t\t\t<\/div>\n\t\t\t\t<\/div>\n\t\t\t\t<\/div>\n\t\t<div class=\"elementor-element elementor-element-bcd11ad e-con-full e-flex e-con e-child\" data-id=\"bcd11ad\" data-element_type=\"container\" data-e-type=\"container\">\n\t\t\t\t<div class=\"elementor-element elementor-element-250a08b elementor-widget elementor-widget-text-editor\" data-id=\"250a08b\" data-element_type=\"widget\" data-e-type=\"widget\" data-widget_type=\"text-editor.default\">\n\t\t\t\t<div class=\"elementor-widget-container\">\n\t\t\t\t\t\t\t\t\t<h3>ACTUALIZACIONES DISPONIBLES<\/h3><ul><li>Bocina de advertencia con control de volumen<\/li><li>Protecci\u00f3n para pies el\u00e9ctrica<\/li><li>Faro intermitente color \u00e1mbar<\/li><\/ul>\t\t\t\t\t\t\t\t<\/div>\n\t\t\t\t<\/div>\n\t\t\t\t<\/div>\n\t\t<div class=\"elementor-element elementor-element-1fe9622 e-con-full e-flex e-con e-child\" data-id=\"1fe9622\" data-element_type=\"container\" data-e-type=\"container\">\n\t\t\t\t<div class=\"elementor-element elementor-element-6185b34 elementor-widget elementor-widget-text-editor\" data-id=\"6185b34\" data-element_type=\"widget\" data-e-type=\"widget\" data-widget_type=\"text-editor.default\">\n\t\t\t\t<div class=\"elementor-widget-container\">\n\t\t\t\t\t\t\t\t\t<h3>OPCIONES DISPONIBLES<\/h3><ul><li>Diablillo port\u00e1til<\/li><li>Control de voltaje de 24 VCA<\/li><li>Interruptor de llave en bot\u00f3n pulsador<\/li><li>Labio de aluminio<\/li><\/ul>\t\t\t\t\t\t\t\t<\/div>\n\t\t\t\t<\/div>\n\t\t\t\t<\/div>\n\t\t\t\t\t<\/div>\n\t\t\t\t<\/div>\n\t\t<div class=\"elementor-element elementor-element-4619ac0 e-flex e-con-boxed e-con e-parent\" data-id=\"4619ac0\" data-element_type=\"container\" data-e-type=\"container\">\n\t\t\t\t\t<div class=\"e-con-inner\">\n\t\t\t\t<div class=\"elementor-element elementor-element-846ef4e elementor-widget elementor-widget-spacer\" data-id=\"846ef4e\" data-element_type=\"widget\" data-e-type=\"widget\" data-widget_type=\"spacer.default\">\n\t\t\t\t<div class=\"elementor-widget-container\">\n\t\t\t\t\t\t\t<div class=\"elementor-spacer\">\n\t\t\t<div class=\"elementor-spacer-inner\"><\/div>\n\t\t<\/div>\n\t\t\t\t\t\t<\/div>\n\t\t\t\t<\/div>\n\t\t\t\t\t<\/div>\n\t\t\t\t<\/div>\n\t\t\t\t<\/div>","protected":false},"excerpt":{"rendered":"<p>ESTACIONARIO &#8211; DL Usualmente un elevador de plataforma costar\u00e1 1\/3 del precio de un montacargas de horquillas y tendr\u00e1 un [&hellip;]<\/p>\n","protected":false},"author":1,"featured_media":0,"parent":0,"menu_order":0,"comment_status":"closed","ping_status":"closed","template":"","meta":{"site-sidebar-layout":"no-sidebar","site-content-layout":"","ast-site-content-layout":"full-width-container","site-content-style":"default","site-sidebar-style":"default","ast-global-header-display":"","ast-banner-title-visibility":"","ast-main-header-display":"","ast-hfb-above-header-display":"","ast-hfb-below-header-display":"","ast-hfb-mobile-header-display":"","site-post-title":"disabled","ast-breadcrumbs-content":"","ast-featured-img":"disabled","footer-sml-layout":"","ast-disable-related-posts":"","theme-transparent-header-meta":"","adv-header-id-meta":"","stick-header-meta":"","header-above-stick-meta":"","header-main-stick-meta":"","header-below-stick-meta":"","astra-migrate-meta-layouts":"default","ast-page-background-enabled":"default","ast-page-background-meta":{"desktop":{"background-color":"var(--ast-global-color-4)","background-image":"","background-repeat":"repeat","background-position":"center center","background-size":"auto","background-attachment":"scroll","background-type":"","background-media":"","overlay-type":"","overlay-color":"","overlay-opacity":"","overlay-gradient":""},"tablet":{"background-color":"","background-image":"","background-repeat":"repeat","background-position":"center center","background-size":"auto","background-attachment":"scroll","background-type":"","background-media":"","overlay-type":"","overlay-color":"","overlay-opacity":"","overlay-gradient":""},"mobile":{"background-color":"","background-image":"","background-repeat":"repeat","background-position":"center center","background-size":"auto","background-attachment":"scroll","background-type":"","background-media":"","overlay-type":"","overlay-color":"","overlay-opacity":"","overlay-gradient":""}},"ast-content-background-meta":{"desktop":{"background-color":"var(--ast-global-color-5)","background-image":"","background-repeat":"repeat","background-position":"center center","background-size":"auto","background-attachment":"scroll","background-type":"","background-media":"","overlay-type":"","overlay-color":"","overlay-opacity":"","overlay-gradient":""},"tablet":{"background-color":"var(--ast-global-color-5)","background-image":"","background-repeat":"repeat","background-position":"center center","background-size":"auto","background-attachment":"scroll","background-type":"","background-media":"","overlay-type":"","overlay-color":"","overlay-opacity":"","overlay-gradient":""},"mobile":{"background-color":"var(--ast-global-color-5)","background-image":"","background-repeat":"repeat","background-position":"center center","background-size":"auto","background-attachment":"scroll","background-type":"","background-media":"","overlay-type":"","overlay-color":"","overlay-opacity":"","overlay-gradient":""}},"footnotes":""},"class_list":["post-1942","page","type-page","status-publish","hentry"],"_links":{"self":[{"href":"https:\/\/cormac-ind.com\/en\/wp-json\/wp\/v2\/pages\/1942","targetHints":{"allow":["GET"]}}],"collection":[{"href":"https:\/\/cormac-ind.com\/en\/wp-json\/wp\/v2\/pages"}],"about":[{"href":"https:\/\/cormac-ind.com\/en\/wp-json\/wp\/v2\/types\/page"}],"author":[{"embeddable":true,"href":"https:\/\/cormac-ind.com\/en\/wp-json\/wp\/v2\/users\/1"}],"replies":[{"embeddable":true,"href":"https:\/\/cormac-ind.com\/en\/wp-json\/wp\/v2\/comments?post=1942"}],"version-history":[{"count":7,"href":"https:\/\/cormac-ind.com\/en\/wp-json\/wp\/v2\/pages\/1942\/revisions"}],"predecessor-version":[{"id":2077,"href":"https:\/\/cormac-ind.com\/en\/wp-json\/wp\/v2\/pages\/1942\/revisions\/2077"}],"wp:attachment":[{"href":"https:\/\/cormac-ind.com\/en\/wp-json\/wp\/v2\/media?parent=1942"}],"curies":[{"name":"wp","href":"https:\/\/api.w.org\/{rel}","templated":true}]}}